{"id":3039,"date":"2020-09-20T11:33:25","date_gmt":"2020-09-20T16:33:25","guid":{"rendered":"https:\/\/capatec.org.pa\/directorio\/?page_id=3039"},"modified":"2025-03-13T12:42:44","modified_gmt":"2025-03-13T17:42:44","slug":"acerca-de","status":"publish","type":"page","link":"https:\/\/capatec.org.pa\/directorio\/acerca-de\/","title":{"rendered":"Acerca de"},"content":{"rendered":"\t\t<div data-elementor-type=\"wp-page\" data-elementor-id=\"3039\" class=\"elementor elementor-3039\">\n\t\t\t\t\t\t<section class=\"elementor-section elementor-top-section elementor-element elementor-element-8857b24 elementor-section-boxed elementor-section-height-default elementor-section-height-default\" data-id=\"8857b24\" data-element_type=\"section\" data-e-type=\"section\" data-settings=\"{&quot;background_background&quot;:&quot;classic&quot;}\">\n\t\t\t\t\t\t<div class=\"elementor-container elementor-column-gap-default\">\n\t\t\t\t\t<div class=\"elementor-column elementor-col-100 elementor-top-column elementor-element elementor-element-d8cf512\" data-id=\"d8cf512\" data-element_type=\"column\" data-e-type=\"column\">\n\t\t\t<div class=\"elementor-widget-wrap elementor-element-populated\">\n\t\t\t\t\t\t<div class=\"elementor-element elementor-element-f736626 elementor-widget elementor-widget-text-editor\" data-id=\"f736626\" data-element_type=\"widget\" data-e-type=\"widget\" data-widget_type=\"text-editor.default\">\n\t\t\t\t<div class=\"elementor-widget-container\">\n\t\t\t\t\t\t\t\t\t<p>Primer Directorio de desarrolladores, distribuidores de soluciones, herramientas y tendencias de tecnolog\u00eda en Panam\u00e1.<\/p><p>\u00a0<\/p><ul><li>Conecte con expertos en diferentes \u00e1reas de la tecnolog\u00eda.<\/li><li>Tendr\u00e1 acceso a otras \u00e1reas tecnol\u00f3gicas que le ser\u00e1n de gran valor para sus proyectos.<\/li><li>Encuentre la empresa o profesional que brinda el servicio que usted necesita.<\/li><\/ul><ol><li>Reg\u00edstrese y complete su perfil para promover el perfil de su empresa o profesi\u00f3n.<\/li><li>Con\u00e9ctese con colegas o contactos en otras \u00e1reas que le ser\u00e1n de gran valor para sus proyectos.<\/li><\/ol>\t\t\t\t\t\t\t\t<\/div>\n\t\t\t\t<\/div>\n\t\t\t\t<div class=\"elementor-element elementor-element-51ae78e elementor-widget-divider--view-line elementor-widget elementor-widget-divider\" data-id=\"51ae78e\" data-element_type=\"widget\" data-e-type=\"widget\" data-widget_type=\"divider.default\">\n\t\t\t\t<div class=\"elementor-widget-container\">\n\t\t\t\t\t\t\t<div class=\"elementor-divider\">\n\t\t\t<span class=\"elementor-divider-separator\">\n\t\t\t\t\t\t<\/span>\n\t\t<\/div>\n\t\t\t\t\t\t<\/div>\n\t\t\t\t<\/div>\n\t\t\t\t<section class=\"elementor-section elementor-inner-section elementor-element elementor-element-2f4190c elementor-section-boxed elementor-section-height-default elementor-section-height-default\" data-id=\"2f4190c\" data-element_type=\"section\" data-e-type=\"section\">\n\t\t\t\t\t\t<div class=\"elementor-container elementor-column-gap-default\">\n\t\t\t\t\t<div class=\"elementor-column elementor-col-100 elementor-inner-column elementor-element elementor-element-f4bf2a6\" data-id=\"f4bf2a6\" data-element_type=\"column\" data-e-type=\"column\">\n\t\t\t<div class=\"elementor-widget-wrap elementor-element-populated\">\n\t\t\t\t\t\t<div class=\"elementor-element elementor-element-5203720 elementor-widget elementor-widget-image\" data-id=\"5203720\" data-element_type=\"widget\" data-e-type=\"widget\" data-widget_type=\"image.default\">\n\t\t\t\t<div class=\"elementor-widget-container\">\n\t\t\t\t\t\t\t\t\t\t\t\t\t\t\t<img decoding=\"async\" width=\"300\" height=\"123\" src=\"https:\/\/capatec.org.pa\/directorio\/wp-content\/uploads\/2020\/09\/Panama-Hub-horizontal--300x123.png\" class=\"attachment-medium size-medium wp-image-3044\" alt=\"\" srcset=\"https:\/\/capatec.org.pa\/directorio\/wp-content\/uploads\/2020\/09\/Panama-Hub-horizontal--300x123.png 300w, https:\/\/capatec.org.pa\/directorio\/wp-content\/uploads\/2020\/09\/Panama-Hub-horizontal--1024x420.png 1024w, https:\/\/capatec.org.pa\/directorio\/wp-content\/uploads\/2020\/09\/Panama-Hub-horizontal--768x315.png 768w, https:\/\/capatec.org.pa\/directorio\/wp-content\/uploads\/2020\/09\/Panama-Hub-horizontal--1536x630.png 1536w, https:\/\/capatec.org.pa\/directorio\/wp-content\/uploads\/2020\/09\/Panama-Hub-horizontal--2048x840.png 2048w\" sizes=\"(max-width: 300px) 100vw, 300px\" \/>\t\t\t\t\t\t\t\t\t\t\t\t\t\t\t<\/div>\n\t\t\t\t<\/div>\n\t\t\t\t<div class=\"elementor-element elementor-element-bddb9aa elementor-widget elementor-widget-text-editor\" data-id=\"bddb9aa\" data-element_type=\"widget\" data-e-type=\"widget\" data-widget_type=\"text-editor.default\">\n\t\t\t\t<div class=\"elementor-widget-container\">\n\t\t\t\t\t\t\t\t\t<p>PANAM\u00c1 HUB DIGITAL es la Estrategia para el Desarrollo del Sector de las Tecnolog\u00edas de Informaci\u00f3n y la Comunicaci\u00f3n (TIC) para los pr\u00f3ximos 5 a\u00f1os, que tiene como principal objetivo que Panam\u00e1 sea un Centro de Innovaci\u00f3n Digital. (<a href=\"https:\/\/panamahub.digital\/es\/\" target=\"_blank\" rel=\"noopener\">Mas detalles<\/a>)<\/p>\t\t\t\t\t\t\t\t<\/div>\n\t\t\t\t<\/div>\n\t\t\t\t<div class=\"elementor-element elementor-element-a5a5917 elementor-widget-divider--view-line elementor-widget elementor-widget-divider\" data-id=\"a5a5917\" data-element_type=\"widget\" data-e-type=\"widget\" data-widget_type=\"divider.default\">\n\t\t\t\t<div class=\"elementor-widget-container\">\n\t\t\t\t\t\t\t<div class=\"elementor-divider\">\n\t\t\t<span class=\"elementor-divider-separator\">\n\t\t\t\t\t\t<\/span>\n\t\t<\/div>\n\t\t\t\t\t\t<\/div>\n\t\t\t\t<\/div>\n\t\t\t\t<div class=\"elementor-element elementor-element-bf0f331 elementor-widget elementor-widget-image\" data-id=\"bf0f331\" data-element_type=\"widget\" data-e-type=\"widget\" data-widget_type=\"image.default\">\n\t\t\t\t<div class=\"elementor-widget-container\">\n\t\t\t\t\t\t\t\t\t\t\t\t\t\t\t<img decoding=\"async\" width=\"300\" height=\"99\" src=\"https:\/\/capatec.org.pa\/directorio\/wp-content\/uploads\/2020\/09\/Logo-del-Cluster-de-Software-300x99.png\" class=\"attachment-medium size-medium wp-image-3043\" alt=\"\" srcset=\"https:\/\/capatec.org.pa\/directorio\/wp-content\/uploads\/2020\/09\/Logo-del-Cluster-de-Software-300x99.png 300w, https:\/\/capatec.org.pa\/directorio\/wp-content\/uploads\/2020\/09\/Logo-del-Cluster-de-Software-1024x337.png 1024w, https:\/\/capatec.org.pa\/directorio\/wp-content\/uploads\/2020\/09\/Logo-del-Cluster-de-Software-768x252.png 768w, https:\/\/capatec.org.pa\/directorio\/wp-content\/uploads\/2020\/09\/Logo-del-Cluster-de-Software-1536x505.png 1536w, https:\/\/capatec.org.pa\/directorio\/wp-content\/uploads\/2020\/09\/Logo-del-Cluster-de-Software-2048x673.png 2048w\" sizes=\"(max-width: 300px) 100vw, 300px\" \/>\t\t\t\t\t\t\t\t\t\t\t\t\t\t\t<\/div>\n\t\t\t\t<\/div>\n\t\t\t\t<div class=\"elementor-element elementor-element-a2c6885 elementor-widget elementor-widget-text-editor\" data-id=\"a2c6885\" data-element_type=\"widget\" data-e-type=\"widget\" data-widget_type=\"text-editor.default\">\n\t\t\t\t<div class=\"elementor-widget-container\">\n\t\t\t\t\t\t\t\t\t<p>La Iniciativa Cluster de Software a trav\u00e9s del liderazgo y apoyo institucional de CAPATEC es un escenario donde l\u00edderes empresariales, entidades de apoyo y academia trabajan colaborativamente para incrementar la productividad y competitividad del sector.<\/p>\t\t\t\t\t\t\t\t<\/div>\n\t\t\t\t<\/div>\n\t\t\t\t<div class=\"elementor-element elementor-element-2915d80 elementor-widget-divider--view-line elementor-widget elementor-widget-divider\" data-id=\"2915d80\" data-element_type=\"widget\" data-e-type=\"widget\" data-widget_type=\"divider.default\">\n\t\t\t\t<div class=\"elementor-widget-container\">\n\t\t\t\t\t\t\t<div class=\"elementor-divider\">\n\t\t\t<span class=\"elementor-divider-separator\">\n\t\t\t\t\t\t<\/span>\n\t\t<\/div>\n\t\t\t\t\t\t<\/div>\n\t\t\t\t<\/div>\n\t\t\t\t<div class=\"elementor-element elementor-element-288e416 elementor-widget elementor-widget-image\" data-id=\"288e416\" data-element_type=\"widget\" data-e-type=\"widget\" data-widget_type=\"image.default\">\n\t\t\t\t<div class=\"elementor-widget-container\">\n\t\t\t\t\t\t\t\t\t\t\t\t\t\t\t<img decoding=\"async\" width=\"300\" height=\"107\" src=\"https:\/\/capatec.org.pa\/directorio\/wp-content\/uploads\/2020\/09\/Capatec-horizontal--300x107.png\" class=\"attachment-medium size-medium wp-image-3042\" alt=\"\" srcset=\"https:\/\/capatec.org.pa\/directorio\/wp-content\/uploads\/2020\/09\/Capatec-horizontal--300x107.png 300w, https:\/\/capatec.org.pa\/directorio\/wp-content\/uploads\/2020\/09\/Capatec-horizontal--1024x366.png 1024w, https:\/\/capatec.org.pa\/directorio\/wp-content\/uploads\/2020\/09\/Capatec-horizontal--768x274.png 768w, https:\/\/capatec.org.pa\/directorio\/wp-content\/uploads\/2020\/09\/Capatec-horizontal--1536x548.png 1536w, https:\/\/capatec.org.pa\/directorio\/wp-content\/uploads\/2020\/09\/Capatec-horizontal-.png 2011w\" sizes=\"(max-width: 300px) 100vw, 300px\" \/>\t\t\t\t\t\t\t\t\t\t\t\t\t\t\t<\/div>\n\t\t\t\t<\/div>\n\t\t\t\t<div class=\"elementor-element elementor-element-e93596f elementor-widget elementor-widget-text-editor\" data-id=\"e93596f\" data-element_type=\"widget\" data-e-type=\"widget\" data-widget_type=\"text-editor.default\">\n\t\t\t\t<div class=\"elementor-widget-container\">\n\t\t\t\t\t\t\t\t\t<p>Uno de los objetivos de CAPATEC es fortalecer el sector TIC en el pa\u00eds, abrir oportunidades para el desarrollo de programas y proyectos que permitan el crecimiento de la industria tanto local como internacionalmente.<\/p>\t\t\t\t\t\t\t\t<\/div>\n\t\t\t\t<\/div>\n\t\t\t\t\t<\/div>\n\t\t<\/div>\n\t\t\t\t\t<\/div>\n\t\t<\/section>\n\t\t\t\t<div class=\"elementor-element elementor-element-69347b0 elementor-widget elementor-widget-html\" data-id=\"69347b0\" data-element_type=\"widget\" data-e-type=\"widget\" data-widget_type=\"html.default\">\n\t\t\t\t<div class=\"elementor-widget-container\">\n\t\t\t\t\t<style>\n.elementor-section.elementor-inner-section.elementor-element.elementor-element-2f4190c.elementor-section-boxed.elementor-section-height-default.elementor-section-height-default {\n    display:none;\n}\n<\/style>\t\t\t\t<\/div>\n\t\t\t\t<\/div>\n\t\t\t\t\t<\/div>\n\t\t<\/div>\n\t\t\t\t\t<\/div>\n\t\t<\/section>\n\t\t\t\t<\/div>\n\t\t","protected":false},"excerpt":{"rendered":"<p>Primer Directorio de desarrolladores, distribuidores de soluciones, herramientas y tendencias de tecnolog\u00eda en Panam\u00e1. \u00a0 Conecte con expertos en diferentes \u00e1reas de la tecnolog\u00eda. Tendr\u00e1 acceso a otras \u00e1reas tecnol\u00f3gicas que le ser\u00e1n de gran valor para sus proyectos. Encuentre la empresa o profesional que brinda el servicio que usted necesita. Reg\u00edstrese y complete su [&hellip;]<\/p>\n","protected":false},"author":1,"featured_media":0,"parent":0,"menu_order":0,"comment_status":"closed","ping_status":"closed","template":"","meta":{"footnotes":""},"class_list":["post-3039","page","type-page","status-publish","hentry"],"_links":{"self":[{"href":"https:\/\/capatec.org.pa\/directorio\/wp-json\/wp\/v2\/pages\/3039","targetHints":{"allow":["GET"]}}],"collection":[{"href":"https:\/\/capatec.org.pa\/directorio\/wp-json\/wp\/v2\/pages"}],"about":[{"href":"https:\/\/capatec.org.pa\/directorio\/wp-json\/wp\/v2\/types\/page"}],"author":[{"embeddable":true,"href":"https:\/\/capatec.org.pa\/directorio\/wp-json\/wp\/v2\/users\/1"}],"replies":[{"embeddable":true,"href":"https:\/\/capatec.org.pa\/directorio\/wp-json\/wp\/v2\/comments?post=3039"}],"version-history":[{"count":0,"href":"https:\/\/capatec.org.pa\/directorio\/wp-json\/wp\/v2\/pages\/3039\/revisions"}],"wp:attachment":[{"href":"https:\/\/capatec.org.pa\/directorio\/wp-json\/wp\/v2\/media?parent=3039"}],"curies":[{"name":"wp","href":"https:\/\/api.w.org\/{rel}","templated":true}]}}