{"id":1979,"date":"2020-09-07T07:51:37","date_gmt":"2020-09-07T12:51:37","guid":{"rendered":"https:\/\/directorist.com\/theme\/demo\/direoph\/add-listing\/"},"modified":"2025-05-14T12:52:04","modified_gmt":"2025-05-14T17:52:04","slug":"agregar-empresa","status":"publish","type":"page","link":"https:\/\/capatec.org.pa\/directorio\/agregar-empresa\/","title":{"rendered":"Agregar Empresa"},"content":{"rendered":"<style>\n  .dir-disclaimer {\n    color: red;\n    padding-bottom: 2svw;\n    text-align: center;\n    width: 100%;\n    display: block;\n    font-size: 1svw;\n    text-transform: uppercase;\n  }\n  @media (max-width: 478px) { \n  .dir-disclaimer {\n    padding-bottom: 4svw;\n    font-size: 3svw;\n  }\n }\n<\/style>\n<p><strong class=\"dir-disclaimer\">Este directorio es un beneficio exclusivo para miembros de CAPATEC.<\/strong><\/p>\n<div class=\"directorist-add-listing-wrapper directorist-w-100\">\n    <div class=\"directorist-container-fluid\">\n                <form action=\"\/directorio\/wp-json\/wp\/v2\/pages\/1979\" method=\"post\" id=\"directorist-add-listing-form\">\n            <div class=\"directorist-add-listing-form\">\n                <input type=\"hidden\" id=\"add_listing_nonce\" name=\"add_listing_nonce\" value=\"58c68183c1\" \/><input type=\"hidden\" name=\"_wp_http_referer\" value=\"\/directorio\/wp-json\/wp\/v2\/pages\/1979\" \/>                <input type=\"hidden\" name=\"add_listing_form\" value=\"1\">\n                <input type=\"hidden\" name=\"listing_id\" value=\"\">\n                <div class=\"multistep-wizard default-add-listing\">\n\n                                            <div class=\"multistep-wizard__nav\">\n                            <a href=\"#add-listing-content-general-information\" id=\"add-listing-nav-general-information\" class=\"multistep-wizard__nav__btn\"> General Information<\/a><a href=\"#add-listing-content-contact-information\" id=\"add-listing-nav-contact-information\" class=\"multistep-wizard__nav__btn\"> Contact Information<\/a><a href=\"#add-listing-content-images\" id=\"add-listing-nav-images\" class=\"multistep-wizard__nav__btn\"> Images<\/a>                            <a href=\"#add-listing-last-content\" id=\"add-listing-last-nav\" class=\"multistep-wizard__nav__btn multistep-wizard__nav__btn--finish  add-listing-nav-999\"><i class=\"directorist-icon-mask\" aria-hidden=\"true\" style=\"--directorist-icon: url(https:\/\/capatec.org.pa\/directorio\/wp-content\/plugins\/directorist\/assets\/icons\/font-awesome\/svgs\/solid\/check.svg)\"><\/i>Finish<\/a>\n                        <\/div>\n                    \n                    <div class=\"multistep-wizard__content\">\n                        <div class=\"multistep-wizard__wrapper\">\n                            <input type=\"hidden\" name=\"directory_type\" value=\"153\"><section class=\"directorist-form-section directorist-content-module multistep-wizard__single\" id=\"add-listing-content-general-information\">\n    <header class=\"directorist-content-module__title\">\n                <h2>General Information<\/h2>\n    <\/header>\n\n    <section class=\"directorist-content-module__contents\">\n\n        \n<div class=\"directorist-form-group directorist-form-title-field\">\n\n    \n<label class=\"directorist-form-label\" for=\"listing_title\">\n    Nombre de la Empresa:<span class=\"directorist-form-required\"> *<\/span><\/label>\n    <input type=\"text\" name=\"listing_title\" id=\"listing_title\" class=\"directorist-form-element\" value=\"\" placeholder=\"Nombre de la Empresa\" required=\"required\">\n\n    \n<\/div>\n<div class=\"directorist-form-group directorist-form-description-field\">\n\n    \n<label class=\"directorist-form-label\" for=\"listing_content\">\n    Sobre la Empresa:<\/label><div id=\"wp-listing_content-wrap\" class=\"wp-core-ui wp-editor-wrap tmce-active\"><link rel='stylesheet' id='dashicons-css' href='https:\/\/capatec.org.pa\/directorio\/wp-includes\/css\/dashicons.min.css?ver=a2da5e6130ab7697085ddef6cc9e0202' type='text\/css' media='all' \/>\n<link rel='stylesheet' id='editor-buttons-css' href='https:\/\/capatec.org.pa\/directorio\/wp-includes\/css\/editor.min.css?ver=a2da5e6130ab7697085ddef6cc9e0202' type='text\/css' media='all' \/>\n<div id=\"wp-listing_content-editor-tools\" class=\"wp-editor-tools hide-if-no-js\"><div class=\"wp-editor-tabs\"><button type=\"button\" id=\"listing_content-tmce\" aria-pressed=\"true\" class=\"wp-switch-editor switch-tmce\" data-wp-editor-id=\"listing_content\">Visual<\/button>\n<button type=\"button\" id=\"listing_content-html\" class=\"wp-switch-editor switch-html\" data-wp-editor-id=\"listing_content\">C\u00f3digo<\/button>\n<\/div>\n<\/div>\n<div id=\"wp-listing_content-editor-container\" class=\"wp-editor-container\"><div id=\"qt_listing_content_toolbar\" class=\"quicktags-toolbar hide-if-no-js\"><\/div><textarea class=\"wp-editor-area\" style=\"height: 200px\" autocomplete=\"off\" cols=\"40\" name=\"listing_content\" id=\"listing_content\"><\/textarea><\/div>\n<\/div>\n\n\n    <div id=\"directorist_listing_description_indicator\"><\/div>\n\n<\/div>\n    <\/section>\n<\/section><section class=\"directorist-form-section directorist-content-module multistep-wizard__single\" id=\"add-listing-content-contact-information\">\n    <header class=\"directorist-content-module__title\">\n                <h2>Contact Information<\/h2>\n    <\/header>\n\n    <section class=\"directorist-content-module__contents\">\n\n        \n<div class=\"directorist-form-group directorist-checkbox directorist-form-hide-owner-field\">\n\n    <input type=\"checkbox\" name=\"hide_contact_owner\" id=\"hide_contact_owner\"  >\n\n    <label class=\"directorist-checkbox__label\" for=\"hide_contact_owner\">Hide contact owner form for single listing page<\/label>\n\n<\/div>\n<div class=\"directorist-form-group directorist-form-phone-field\">\n\n    \n<label class=\"directorist-form-label\" for=\"phone\">\n    Tel\u00e9fono 1:<span class=\"directorist-form-required\"> *<\/span><\/label>\n    <input type=\"tel\" name=\"phone\" id=\"phone\" class=\"directorist-form-element\" value=\"\" placeholder=\"\" required=\"required\">\n\n    \n<\/div>\n<div class=\"directorist-form-group directorist-form-phone2-field\">\n\n    \n<label class=\"directorist-form-label\" for=\"phone2\">\n    Tel\u00e9fono 2:<\/label>\n    <input type=\"tel\" name=\"phone2\" id=\"phone2\" class=\"directorist-form-element\" value=\"\" placeholder=\"Phone Number\" >\n\n    \n<\/div>\n<div class=\"directorist-form-group directorist-form-email-field\">\n\n    \n<label class=\"directorist-form-label\" for=\"email\">\n    Email:<span class=\"directorist-form-required\"> *<\/span><\/label>\n    <input type=\"email\" name=\"email\" id=\"email\" class=\"directorist-form-element\" value=\"\" placeholder=\"\" required=\"required\">\n\n    \n<\/div>\n<div class=\"directorist-form-group directorist-form-website-field\">\n\n    \n<label class=\"directorist-form-label\" for=\"website\">\n    P\u00e1gina Web:<\/label>\n    <input type=\"text\" name=\"website\" id=\"website\" class=\"directorist-form-element\" value=\"\" placeholder=\"\" >\n\n    \n<\/div>\n<div class=\"directorist-form-group directorist-form-social-info-field\">\n\n    \n<label class=\"directorist-form-label\" for=\"social\">\n    Redes Sociales:<\/label>\n    <div id=\"social_info_sortable_container\">\n\n        <input type=\"hidden\" id=\"is_social_checked\">\n\n        \n    <\/div>\n\n    <button type=\"button\" class=\"directorist-btn directorist-btn-light\" id=\"addNewSocial\"><i class=\"directorist-icon-mask\" aria-hidden=\"true\" style=\"--directorist-icon: url(https:\/\/capatec.org.pa\/directorio\/wp-content\/plugins\/directorist\/assets\/icons\/line-awesome\/svgs\/plus-solid.svg)\"><\/i>Add Social<\/button>\n\n<\/div>\n    <\/section>\n<\/section><section class=\"directorist-form-section directorist-content-module multistep-wizard__single\" id=\"add-listing-content-images\">\n    <header class=\"directorist-content-module__title\">\n                <h2>Images<\/h2>\n    <\/header>\n\n    <section class=\"directorist-content-module__contents\">\n\n        \n<div class=\"directorist-form-group directorist-form-image-upload-field\">\n    <div class=\"ez-media-uploader directorist-image-upload\" data-uploader=\"{&quot;type&quot;:&quot;jpg, jpeg, jpe, gif, png, bmp, tiff, tif, webp, avif, ico, heic, heif, heics, heifs, JPG, JPEG, JPE, GIF, PNG, BMP, TIFF, TIF, WEBP, AVIF, ICO, HEIC, HEIF, HEICS, HEIFS&quot;,&quot;max_num_of_img&quot;:&quot;&quot;,&quot;max_total_img_size&quot;:10240,&quot;is_required&quot;:false,&quot;max_size_per_img&quot;:2048}\">\n        <div class=\"ezmu__loading-section ezmu--show\">\n            <span class=\"ezmu__loading-icon\"><span class=\"ezmu__loading-icon-img-bg\"><\/span><\/span>\n        <\/div>\n        <div class=\"ezmu__old-files\">\n                    <\/div>\n        <div class=\"ezmu-dictionary\">\n            <span class=\"ezmu-dictionary-label-drop-here\">Soltar aqu\u00ed<\/span>\n            <span class=\"ezmu-dictionary-label-featured\">Vista previa<\/span>\n            <span class=\"ezmu-dictionary-label-drag-n-drop\">Drag and drop an image<\/span>\n            <span class=\"ezmu-dictionary-label-or\">o<\/span>\n            <span class=\"ezmu-dictionary-label-select-files\">Subir Logo e Im\u00e1genes<\/span>\n            <span class=\"ezmu-dictionary-label-to\">or drag and drop image here<\/span>\n            <span class=\"ezmu-dictionary-label-add-more\">A\u00f1adir m\u00e1s<\/span>\n            <span class=\"ezmu-dictionary-alert-max-file-size\">El l\u00edmite m\u00e1ximo para un archivo es __DT__<\/span>\n            <span class=\"ezmu-dictionary-alert-max-total-file-size\">El l\u00edmite m\u00e1ximo para el tama\u00f1o total del archivo es __DT__<\/span>\n            <span class=\"ezmu-dictionary-alert-min-file-items\">Se requiere un archivo m\u00ednimo de __DT__<\/span>\n            <span class=\"ezmu-dictionary-alert-max-file-items\">El l\u00edmite m\u00e1ximo para el archivo total es __DT__<\/span>\n            <span class=\"ezmu-dictionary-info-max-file-size\">El tama\u00f1o m\u00e1ximo permitido por archivo es __DT__<\/span>\n            <span class=\"ezmu-dictionary-info-max-total-file-size\">El tama\u00f1o m\u00e1ximo de archivo total permitido es __DT__<\/span>\n            <span class=\"ezmu-dictionary-info-type\"><\/span>\n            <span class=\"ezmu-dictionary-info-min-file-items\">Se requiere un archivo m\u00ednimo de __DT__<\/span>\n            <span class=\"ezmu-dictionary-info-max-file-items\">\n                Se permite un archivo m\u00e1ximo de __DT__            <\/span>\n        <\/div>\n    <\/div>\n<\/div>\n\n    <\/section>\n<\/section>                            <div id=\"add-listing-last-content\" class=\"multistep-wizard__single add-listing-content-999\">\n                                \n<div class=\"directorist-add-listing-form__action\">\n\n    <div class=\"directorist-add-listing-form__publish\">\n        <div class=\"directorist-add-listing-form__publish__icon\">\n            <i class=\"directorist-icon-mask\" aria-hidden=\"true\" style=\"--directorist-icon: url(https:\/\/capatec.org.pa\/directorio\/wp-content\/plugins\/directorist\/assets\/icons\/font-awesome\/svgs\/solid\/paper-plane.svg)\"><\/i>        <\/div>\n        <h2 class=\"directorist-add-listing-form__publish__title\">\n            You are about to publish        <\/h2>\n        <p class=\"directorist-add-listing-form__publish__subtitle\">\n            Are you sure you want to publish this listing?        <\/p>\n    <\/div>\n\n            <div class=\"directorist-form-group\">\n\n            <label for=\"guest_user_email\">Tu correo electr\u00f3nico:<span class=\"directorist-form-required\"> *<\/span><\/label>\n\n            <input type=\"text\" id=\"guest_user_email\" name=\"guest_user_email\" class=\"directorist-form-element directory_field\" placeholder=\"suemail@sudominio.com\"\/>\n        <\/div>\n\n        <div id=\"listing_notifier\"><\/div>\n\n<\/div>                            <\/div>\n                        <\/div>\n\n                        <div class=\"multistep-wizard__progressbar\">\n                            <span class=\"multistep-wizard__progressbar__width\"><\/span>\n                        <\/div>\n\n                        <div class=\"multistep-wizard__bottom\">\n                            <a class=\"directorist-btn multistep-wizard__btn multistep-wizard__btn--prev\" disabled=\"true\" aria-label=\"Return to Back\"><\/a>\n                                <i class=\"directorist-icon-mask\" aria-hidden=\"true\" style=\"--directorist-icon: url(https:\/\/capatec.org.pa\/directorio\/wp-content\/plugins\/directorist\/assets\/icons\/font-awesome\/svgs\/solid\/arrow-left.svg)\"><\/i>Atr\u00e1s                            <\/a>\n\n                            <div class=\"multistep-wizard__count\">\n                                <span class=\"multistep-wizard__count__current\"><\/span> \/ <span class=\"multistep-wizard__count__total\"><\/span>\n                            <\/div>\n\n                            <a type=\"submit\" class=\"directorist-btn multistep-wizard__btn multistep-wizard__btn--next\" aria-label=\"Go to Next\">Save & Next<i class=\"directorist-icon-mask\" aria-hidden=\"true\" style=\"--directorist-icon: url(https:\/\/capatec.org.pa\/directorio\/wp-content\/plugins\/directorist\/assets\/icons\/font-awesome\/svgs\/solid\/arrow-right.svg)\"><\/i><\/a>\n\n                            <button type=\"submit\" class=\"directorist-btn directorist-form-submit__btn multistep-wizard__btn multistep-wizard__btn--save-preview\">Guardar y Previsualizar<\/button>\n\n                            <button type=\"submit\" class=\"directorist-btn directorist-btn-primary directorist-form-submit__btn multistep-wizard__btn multistep-wizard__btn--skip-preview\">Skip preview and submit listing<\/button>\n                        <\/div>\n\n                        \n                        <div class=\"default-add-listing-bottom\">\n                            <button type=\"submit\" class=\"directorist-btn directorist-btn-primary directorist-form-submit__btn\">Guardar y Previsualizar<\/button>\n                        <\/div>\n\n                        \n                    <\/div>\n                <\/div>\n            <\/div>\n        <\/form>\n    <\/div>\n<\/div>\n\n\n<div id=\"directorist-quick-login\" class=\"directorist-quick-login directorist-modal-container\">\n    <div class=\"directorist-modal-wrap\">\n        <div class=\"directorist-modals\">\n            <form action=\"#\" id=\"quick-login-from\">\n                <div class=\"directorist-modal-header\">\n                    <div class=\"directorist-modal-title-area\">\n                        <h3 class=\"directorist-modal-title\">Inicio de sesi\u00f3n r\u00e1pido<\/h3>\n                    <\/div>\n\n                    <div class=\"directorist-modal-actions-area\">\n                        <a href=\"#\" class=\"directorist-toggle-modal\" data-target=\"#directorist-quick-login\"><i class=\"directorist-icon-mask\" aria-hidden=\"true\" style=\"--directorist-icon: url(https:\/\/capatec.org.pa\/directorio\/wp-content\/plugins\/directorist\/assets\/icons\/font-awesome\/svgs\/solid\/times.svg)\"><\/i><\/a>\n                    <\/div>\n                <\/div>\n\n                <div class=\"directorist-modal-body\">\n                    <div class=\"directorist-modal-alerts-area directorist-text-center\"><\/div>\n\n                    <div class=\"directorist-form-group directorist-mb-15\">\n                        <input type=\"text\" name=\"email\" placeholder=\"user@email.com\" class=\"directorist-form-element\">\n                    <\/div>\n\n                    <div class=\"directorist-form-group directorist-mb-15\">\n                        <input type=\"password\" name=\"password\" placeholder=\"Password\" class=\"directorist-form-element\">\n                    <\/div>\n\n                    <div class=\"directorist-form-group directorist-mb-15 directorist-text-right\">\n                        <a href=\"https:\/\/capatec.org.pa\/directorio\/wp-login.php?action=lostpassword\" class=\"directorist-recover-password-link\">\n                            Forgot your password?                        <\/a>                                                                            \n                    <\/div>\n\n                    <input type=\"hidden\" id=\"directorist-quick-login-security\" name=\"directorist-quick-login-security\" value=\"11764435c8\" \/><input type=\"hidden\" name=\"_wp_http_referer\" value=\"\/directorio\/wp-json\/wp\/v2\/pages\/1979\" \/>                    <div class=\"directorist-form-feedback\"><\/div>\n\n                    <div class=\"directorist-form-actions directorist-text-center\">\n                        <button type=\"button\" id=\"quick-login-from-submit-btn\" data-form=\"#quick-login-from\" data-modal=\"directorist-quick-login-modal\" name=\"login\" class=\"directorist-btn directorist-btn-block\">\n                            Acceder                        <\/button>\n\n                        <button type=\"button\" data-target=\"#directorist-quick-login-modal\" class=\"directorist-btn directorist-btn-block directorist-toggle-modal directorist-d-none\">\n                            Continuar                        <\/button>\n                    <\/div>\n                <\/div>\n            <\/form>\n        <\/div>\n    <\/div>\n<\/div>\n","protected":false},"excerpt":{"rendered":"<p>Este directorio es un beneficio exclusivo para miembros de CAPATEC.<\/p>\n","protected":false},"author":1,"featured_media":0,"parent":0,"menu_order":0,"comment_status":"closed","ping_status":"closed","template":"","meta":{"footnotes":""},"class_list":["post-1979","page","type-page","status-publish","hentry"],"_links":{"self":[{"href":"https:\/\/capatec.org.pa\/directorio\/wp-json\/wp\/v2\/pages\/1979","targetHints":{"allow":["GET"]}}],"collection":[{"href":"https:\/\/capatec.org.pa\/directorio\/wp-json\/wp\/v2\/pages"}],"about":[{"href":"https:\/\/capatec.org.pa\/directorio\/wp-json\/wp\/v2\/types\/page"}],"author":[{"embeddable":true,"href":"https:\/\/capatec.org.pa\/directorio\/wp-json\/wp\/v2\/users\/1"}],"replies":[{"embeddable":true,"href":"https:\/\/capatec.org.pa\/directorio\/wp-json\/wp\/v2\/comments?post=1979"}],"version-history":[{"count":0,"href":"https:\/\/capatec.org.pa\/directorio\/wp-json\/wp\/v2\/pages\/1979\/revisions"}],"wp:attachment":[{"href":"https:\/\/capatec.org.pa\/directorio\/wp-json\/wp\/v2\/media?parent=1979"}],"curies":[{"name":"wp","href":"https:\/\/api.w.org\/{rel}","templated":true}]}}